{"id":63,"date":"2019-08-19T23:25:38","date_gmt":"2019-08-19T23:25:38","guid":{"rendered":"http:\/\/www.tiedonrakentajat.fi\/kc\/?page_id=63"},"modified":"2019-09-02T16:36:08","modified_gmt":"2019-09-02T16:36:08","slug":"tutorille","status":"publish","type":"page","link":"https:\/\/www.tiedonrakentajat.fi\/kc\/tutorille\/","title":{"rendered":"Tutorille"},"content":{"rendered":"<p><img loading=\"lazy\" decoding=\"async\" class=\"alignright size-full wp-image-64\" src=\"https:\/\/www.tiedonrakentajat.fi\/kc\/wp-content\/uploads\/2019\/08\/tutori.jpg\" alt=\"\" width=\"400\" height=\"266\" srcset=\"https:\/\/www.tiedonrakentajat.fi\/kc\/wp-content\/uploads\/2019\/08\/tutori.jpg 400w, https:\/\/www.tiedonrakentajat.fi\/kc\/wp-content\/uploads\/2019\/08\/tutori-300x200.jpg 300w\" sizes=\"auto, (max-width: 400px) 100vw, 400px\" \/>J\u00e4rjestelm\u00e4 perustuu ajatukseen, ett\u00e4 jokaisella oppilaalla on tutori, joka tukee, seuraa ja tarvittaessa ohjaa oppilaan opintoja. Tutori tapaa oppilasta s\u00e4\u00e4nn\u00f6llisesti ja h\u00e4n p\u00e4\u00e4see seuraamaan j\u00e4rjestelm\u00e4n kautta oppilaan opintojen etenemist\u00e4.<\/p>\n<p>Tutorin teht\u00e4v\u00e4n\u00e4 ei ole korjata teht\u00e4vi\u00e4 tai opettaa oppilasta. Tutorilla ei ole oppilaaseen n\u00e4hden auktoriteettiasemaa, vaan h\u00e4nen teht\u00e4v\u00e4n\u00e4\u00e4n on olla tuki ja turva silloin kun oppilas sit\u00e4 tarvitsee. Tutorin ei ole tarkoitus ohjata oppilasta, jos oppilas ei ohjausta tarvitse. Mit\u00e4 n\u00e4kym\u00e4tt\u00f6m\u00e4mpi tutori voi olla, sen parempi, kunhan oppilas jatkuvasti tiet\u00e4\u00e4 ett\u00e4 tutori on k\u00e4ytett\u00e4viss\u00e4.<\/p>\n","protected":false},"excerpt":{"rendered":"<p>J\u00e4rjestelm\u00e4 perustuu ajatukseen, ett\u00e4 jokaisella oppilaalla on tutori, joka tukee, seuraa ja tarvittaessa ohjaa oppilaan opintoja. Tutori tapaa oppilasta s\u00e4\u00e4nn\u00f6llisesti ja h\u00e4n p\u00e4\u00e4see seuraamaan j\u00e4rjestelm\u00e4n kautta oppilaan opintojen etenemist\u00e4. Tutorin teht\u00e4v\u00e4n\u00e4 ei ole korjata teht\u00e4vi\u00e4 tai opettaa oppilasta. Tutorilla ei ole oppilaaseen n\u00e4hden auktoriteettiasemaa, vaan h\u00e4nen teht\u00e4v\u00e4n\u00e4\u00e4n on olla tuki ja turva silloin kun oppilas [&hellip;]<\/p>\n","protected":false},"author":1,"featured_media":0,"parent":0,"menu_order":0,"comment_status":"closed","ping_status":"closed","template":"","meta":{"footnotes":""},"class_list":["post-63","page","type-page","status-publish","hentry"],"_links":{"self":[{"href":"https:\/\/www.tiedonrakentajat.fi\/kc\/wp-json\/wp\/v2\/pages\/63","targetHints":{"allow":["GET"]}}],"collection":[{"href":"https:\/\/www.tiedonrakentajat.fi\/kc\/wp-json\/wp\/v2\/pages"}],"about":[{"href":"https:\/\/www.tiedonrakentajat.fi\/kc\/wp-json\/wp\/v2\/types\/page"}],"author":[{"embeddable":true,"href":"https:\/\/www.tiedonrakentajat.fi\/kc\/wp-json\/wp\/v2\/users\/1"}],"replies":[{"embeddable":true,"href":"https:\/\/www.tiedonrakentajat.fi\/kc\/wp-json\/wp\/v2\/comments?post=63"}],"version-history":[{"count":1,"href":"https:\/\/www.tiedonrakentajat.fi\/kc\/wp-json\/wp\/v2\/pages\/63\/revisions"}],"predecessor-version":[{"id":65,"href":"https:\/\/www.tiedonrakentajat.fi\/kc\/wp-json\/wp\/v2\/pages\/63\/revisions\/65"}],"wp:attachment":[{"href":"https:\/\/www.tiedonrakentajat.fi\/kc\/wp-json\/wp\/v2\/media?parent=63"}],"curies":[{"name":"wp","href":"https:\/\/api.w.org\/{rel}","templated":true}]}}