{"id":51,"date":"2019-08-19T23:23:21","date_gmt":"2019-08-19T23:23:21","guid":{"rendered":"http:\/\/www.tiedonrakentajat.fi\/kc\/?page_id=51"},"modified":"2019-09-02T16:35:48","modified_gmt":"2019-09-02T16:35:48","slug":"sosiaalisuus","status":"publish","type":"page","link":"https:\/\/www.tiedonrakentajat.fi\/kc\/sosiaalisuus\/","title":{"rendered":"Sosiaalisuus"},"content":{"rendered":"<p><img loading=\"lazy\" decoding=\"async\" class=\"alignright size-full wp-image-52\" src=\"https:\/\/www.tiedonrakentajat.fi\/kc\/wp-content\/uploads\/2019\/08\/sxc_friends.jpg\" alt=\"\" width=\"300\" height=\"304\" srcset=\"https:\/\/www.tiedonrakentajat.fi\/kc\/wp-content\/uploads\/2019\/08\/sxc_friends.jpg 300w, https:\/\/www.tiedonrakentajat.fi\/kc\/wp-content\/uploads\/2019\/08\/sxc_friends-296x300.jpg 296w\" sizes=\"auto, (max-width: 300px) 100vw, 300px\" \/>J\u00e4rjestelm\u00e4 pyrkii ohjaamaan oppilaita tekem\u00e4\u00e4n mahdollisimman paljon yhteisty\u00f6t\u00e4. Sosiaalisuuteen ohjataan vertaistuen ja -opetuksen, kaverij\u00e4rjestelm\u00e4n, ryhm\u00e4teht\u00e4vien ja tutorij\u00e4rjestelyiden avulla.<\/p>\n<p>Etenkin kotioppilaille j\u00e4rjestelm\u00e4\u00e4 hy\u00f6dynt\u00e4v\u00e4 <a href=\"http:\/\/www.feeniks-koulu.fi\">Feeniks-koulu<\/a> tarjoaa koko maan kattavat kotioppijaverkoston ja ammattitaitoiset tutorit, jotka j\u00e4rjest\u00e4v\u00e4t omille tutoroitavilleen my\u00f6s opiskelujen ulkopuolista yhteist\u00e4 toimintaa.<\/p>\n","protected":false},"excerpt":{"rendered":"<p>J\u00e4rjestelm\u00e4 pyrkii ohjaamaan oppilaita tekem\u00e4\u00e4n mahdollisimman paljon yhteisty\u00f6t\u00e4. Sosiaalisuuteen ohjataan vertaistuen ja -opetuksen, kaverij\u00e4rjestelm\u00e4n, ryhm\u00e4teht\u00e4vien ja tutorij\u00e4rjestelyiden avulla. Etenkin kotioppilaille j\u00e4rjestelm\u00e4\u00e4 hy\u00f6dynt\u00e4v\u00e4 Feeniks-koulu tarjoaa koko maan kattavat kotioppijaverkoston ja ammattitaitoiset tutorit, jotka j\u00e4rjest\u00e4v\u00e4t omille tutoroitavilleen my\u00f6s opiskelujen ulkopuolista yhteist\u00e4 toimintaa.<\/p>\n","protected":false},"author":1,"featured_media":0,"parent":0,"menu_order":0,"comment_status":"closed","ping_status":"closed","template":"","meta":{"footnotes":""},"class_list":["post-51","page","type-page","status-publish","hentry"],"_links":{"self":[{"href":"https:\/\/www.tiedonrakentajat.fi\/kc\/wp-json\/wp\/v2\/pages\/51","targetHints":{"allow":["GET"]}}],"collection":[{"href":"https:\/\/www.tiedonrakentajat.fi\/kc\/wp-json\/wp\/v2\/pages"}],"about":[{"href":"https:\/\/www.tiedonrakentajat.fi\/kc\/wp-json\/wp\/v2\/types\/page"}],"author":[{"embeddable":true,"href":"https:\/\/www.tiedonrakentajat.fi\/kc\/wp-json\/wp\/v2\/users\/1"}],"replies":[{"embeddable":true,"href":"https:\/\/www.tiedonrakentajat.fi\/kc\/wp-json\/wp\/v2\/comments?post=51"}],"version-history":[{"count":1,"href":"https:\/\/www.tiedonrakentajat.fi\/kc\/wp-json\/wp\/v2\/pages\/51\/revisions"}],"predecessor-version":[{"id":53,"href":"https:\/\/www.tiedonrakentajat.fi\/kc\/wp-json\/wp\/v2\/pages\/51\/revisions\/53"}],"wp:attachment":[{"href":"https:\/\/www.tiedonrakentajat.fi\/kc\/wp-json\/wp\/v2\/media?parent=51"}],"curies":[{"name":"wp","href":"https:\/\/api.w.org\/{rel}","templated":true}]}}