{"id":42,"date":"2019-08-19T23:21:30","date_gmt":"2019-08-19T23:21:30","guid":{"rendered":"http:\/\/www.tiedonrakentajat.fi\/kc\/?page_id=42"},"modified":"2019-09-02T16:35:33","modified_gmt":"2019-09-02T16:35:33","slug":"paikasta-ja-ajasta-vapaa","status":"publish","type":"page","link":"https:\/\/www.tiedonrakentajat.fi\/kc\/paikasta-ja-ajasta-vapaa\/","title":{"rendered":"Paikasta ja ajasta vapaa"},"content":{"rendered":"<p><img loading=\"lazy\" decoding=\"async\" class=\"alignright size-full wp-image-43\" src=\"https:\/\/www.tiedonrakentajat.fi\/kc\/wp-content\/uploads\/2019\/08\/paikkaan_sitomaton_v2.jpg\" alt=\"\" width=\"266\" height=\"400\" srcset=\"https:\/\/www.tiedonrakentajat.fi\/kc\/wp-content\/uploads\/2019\/08\/paikkaan_sitomaton_v2.jpg 266w, https:\/\/www.tiedonrakentajat.fi\/kc\/wp-content\/uploads\/2019\/08\/paikkaan_sitomaton_v2-200x300.jpg 200w\" sizes=\"auto, (max-width: 266px) 100vw, 266px\" \/>J\u00e4rjestelm\u00e4 on nettipohjainen, joten se on oppilaiden k\u00e4yt\u00f6ss\u00e4 aina kun heill\u00e4 on p\u00e4\u00e4sy nettiin. J\u00e4rjestelm\u00e4st\u00e4 on tulossa my\u00f6s mobiiliversio, joten opiskella voi my\u00f6s siell\u00e4 miss\u00e4 puhelin toimii.<\/p>\n<p>Tavoitteeksi otetuista teht\u00e4vist\u00e4 voi ottaa my\u00f6s tulosteen ja l\u00e4hte\u00e4 vaikka kirjastoon etsim\u00e4\u00e4n vastauksia.<\/p>\n","protected":false},"excerpt":{"rendered":"<p>J\u00e4rjestelm\u00e4 on nettipohjainen, joten se on oppilaiden k\u00e4yt\u00f6ss\u00e4 aina kun heill\u00e4 on p\u00e4\u00e4sy nettiin. J\u00e4rjestelm\u00e4st\u00e4 on tulossa my\u00f6s mobiiliversio, joten opiskella voi my\u00f6s siell\u00e4 miss\u00e4 puhelin toimii. Tavoitteeksi otetuista teht\u00e4vist\u00e4 voi ottaa my\u00f6s tulosteen ja l\u00e4hte\u00e4 vaikka kirjastoon etsim\u00e4\u00e4n vastauksia.<\/p>\n","protected":false},"author":1,"featured_media":0,"parent":0,"menu_order":0,"comment_status":"closed","ping_status":"closed","template":"","meta":{"footnotes":""},"class_list":["post-42","page","type-page","status-publish","hentry"],"_links":{"self":[{"href":"https:\/\/www.tiedonrakentajat.fi\/kc\/wp-json\/wp\/v2\/pages\/42","targetHints":{"allow":["GET"]}}],"collection":[{"href":"https:\/\/www.tiedonrakentajat.fi\/kc\/wp-json\/wp\/v2\/pages"}],"about":[{"href":"https:\/\/www.tiedonrakentajat.fi\/kc\/wp-json\/wp\/v2\/types\/page"}],"author":[{"embeddable":true,"href":"https:\/\/www.tiedonrakentajat.fi\/kc\/wp-json\/wp\/v2\/users\/1"}],"replies":[{"embeddable":true,"href":"https:\/\/www.tiedonrakentajat.fi\/kc\/wp-json\/wp\/v2\/comments?post=42"}],"version-history":[{"count":1,"href":"https:\/\/www.tiedonrakentajat.fi\/kc\/wp-json\/wp\/v2\/pages\/42\/revisions"}],"predecessor-version":[{"id":44,"href":"https:\/\/www.tiedonrakentajat.fi\/kc\/wp-json\/wp\/v2\/pages\/42\/revisions\/44"}],"wp:attachment":[{"href":"https:\/\/www.tiedonrakentajat.fi\/kc\/wp-json\/wp\/v2\/media?parent=42"}],"curies":[{"name":"wp","href":"https:\/\/api.w.org\/{rel}","templated":true}]}}