{"id":39,"date":"2019-08-19T23:20:57","date_gmt":"2019-08-19T23:20:57","guid":{"rendered":"http:\/\/www.tiedonrakentajat.fi\/kc\/?page_id=39"},"modified":"2019-09-02T16:35:24","modified_gmt":"2019-09-02T16:35:24","slug":"opettajalle","status":"publish","type":"page","link":"https:\/\/www.tiedonrakentajat.fi\/kc\/opettajalle\/","title":{"rendered":"Opettajalle"},"content":{"rendered":"<p><img loading=\"lazy\" decoding=\"async\" class=\"alignright size-full wp-image-40\" src=\"https:\/\/www.tiedonrakentajat.fi\/kc\/wp-content\/uploads\/2019\/08\/opettaja.jpg\" alt=\"\" width=\"266\" height=\"400\" srcset=\"https:\/\/www.tiedonrakentajat.fi\/kc\/wp-content\/uploads\/2019\/08\/opettaja.jpg 266w, https:\/\/www.tiedonrakentajat.fi\/kc\/wp-content\/uploads\/2019\/08\/opettaja-200x300.jpg 200w\" sizes=\"auto, (max-width: 266px) 100vw, 266px\" \/>Opettajalle j\u00e4rjestelm\u00e4n k\u00e4ytt\u00f6\u00f6notto saattaa merkit\u00e4 suurtakin muutosta. J\u00e4rjestelm\u00e4 on selke\u00e4sti oppilasjohtoinen, mutta opettajalla on silti eritt\u00e4in t\u00e4rke\u00e4 rooli sek\u00e4 palautteen antajana, tutorina ett\u00e4 oppituokioiden j\u00e4rjest\u00e4j\u00e4n\u00e4.<\/p>\n<p>Oppilaat voivat pyyt\u00e4\u00e4 teht\u00e4viss\u00e4 apua j\u00e4rjestelm\u00e4n kautta, jolloin opettaja n\u00e4kee, mist\u00e4 teht\u00e4vist\u00e4 apua on pyydetty ja voi sen mukaan j\u00e4rjest\u00e4\u00e4 oppituokioita. T\u00e4ll\u00f6in oppituokioissa mukana olevat ovat jo valmiiksi kiinnostuneita asiasta.<\/p>\n","protected":false},"excerpt":{"rendered":"<p>Opettajalle j\u00e4rjestelm\u00e4n k\u00e4ytt\u00f6\u00f6notto saattaa merkit\u00e4 suurtakin muutosta. J\u00e4rjestelm\u00e4 on selke\u00e4sti oppilasjohtoinen, mutta opettajalla on silti eritt\u00e4in t\u00e4rke\u00e4 rooli sek\u00e4 palautteen antajana, tutorina ett\u00e4 oppituokioiden j\u00e4rjest\u00e4j\u00e4n\u00e4. Oppilaat voivat pyyt\u00e4\u00e4 teht\u00e4viss\u00e4 apua j\u00e4rjestelm\u00e4n kautta, jolloin opettaja n\u00e4kee, mist\u00e4 teht\u00e4vist\u00e4 apua on pyydetty ja voi sen mukaan j\u00e4rjest\u00e4\u00e4 oppituokioita. T\u00e4ll\u00f6in oppituokioissa mukana olevat ovat jo valmiiksi kiinnostuneita asiasta.<\/p>\n","protected":false},"author":1,"featured_media":0,"parent":0,"menu_order":0,"comment_status":"closed","ping_status":"closed","template":"","meta":{"footnotes":""},"class_list":["post-39","page","type-page","status-publish","hentry"],"_links":{"self":[{"href":"https:\/\/www.tiedonrakentajat.fi\/kc\/wp-json\/wp\/v2\/pages\/39","targetHints":{"allow":["GET"]}}],"collection":[{"href":"https:\/\/www.tiedonrakentajat.fi\/kc\/wp-json\/wp\/v2\/pages"}],"about":[{"href":"https:\/\/www.tiedonrakentajat.fi\/kc\/wp-json\/wp\/v2\/types\/page"}],"author":[{"embeddable":true,"href":"https:\/\/www.tiedonrakentajat.fi\/kc\/wp-json\/wp\/v2\/users\/1"}],"replies":[{"embeddable":true,"href":"https:\/\/www.tiedonrakentajat.fi\/kc\/wp-json\/wp\/v2\/comments?post=39"}],"version-history":[{"count":1,"href":"https:\/\/www.tiedonrakentajat.fi\/kc\/wp-json\/wp\/v2\/pages\/39\/revisions"}],"predecessor-version":[{"id":41,"href":"https:\/\/www.tiedonrakentajat.fi\/kc\/wp-json\/wp\/v2\/pages\/39\/revisions\/41"}],"wp:attachment":[{"href":"https:\/\/www.tiedonrakentajat.fi\/kc\/wp-json\/wp\/v2\/media?parent=39"}],"curies":[{"name":"wp","href":"https:\/\/api.w.org\/{rel}","templated":true}]}}