{"id":27,"date":"2019-08-19T23:18:33","date_gmt":"2019-08-19T23:18:33","guid":{"rendered":"http:\/\/www.tiedonrakentajat.fi\/kc\/?page_id=27"},"modified":"2019-09-02T16:34:56","modified_gmt":"2019-09-02T16:34:56","slug":"etaopiskelu","status":"publish","type":"page","link":"https:\/\/www.tiedonrakentajat.fi\/kc\/etaopiskelu\/","title":{"rendered":"Et\u00e4opiskelu"},"content":{"rendered":"<p><img loading=\"lazy\" decoding=\"async\" class=\"alignright size-full wp-image-28\" src=\"https:\/\/www.tiedonrakentajat.fi\/kc\/wp-content\/uploads\/2019\/08\/skype.jpg\" alt=\"\" width=\"311\" height=\"400\" srcset=\"https:\/\/www.tiedonrakentajat.fi\/kc\/wp-content\/uploads\/2019\/08\/skype.jpg 311w, https:\/\/www.tiedonrakentajat.fi\/kc\/wp-content\/uploads\/2019\/08\/skype-233x300.jpg 233w\" sizes=\"auto, (max-width: 311px) 100vw, 311px\" \/>Opiskelu on paikkaan ja aikaan sitomatonta, joten my\u00f6s et\u00e4opiskelu on mahdollista. Mik\u00e4li kasvokkain tapaaminen ei ole mahdollista, voidaan tutorointi ja opetus j\u00e4rjest\u00e4\u00e4 esimerkiksi Skypen v\u00e4lityksell\u00e4.<\/p>\n<p><a href=\"http:\/\/www.feeniks-koulu.fi\">Feeniks-koulu<\/a> j\u00e4rjest\u00e4\u00e4 Tiedonrakentajat -j\u00e4rjestelm\u00e4\u00e4n pohjautuvaa tutorointipohjaista verkko-opetusta kev\u00e4\u00e4st\u00e4 2012 alkaen.<\/p>\n","protected":false},"excerpt":{"rendered":"<p>Opiskelu on paikkaan ja aikaan sitomatonta, joten my\u00f6s et\u00e4opiskelu on mahdollista. Mik\u00e4li kasvokkain tapaaminen ei ole mahdollista, voidaan tutorointi ja opetus j\u00e4rjest\u00e4\u00e4 esimerkiksi Skypen v\u00e4lityksell\u00e4. Feeniks-koulu j\u00e4rjest\u00e4\u00e4 Tiedonrakentajat -j\u00e4rjestelm\u00e4\u00e4n pohjautuvaa tutorointipohjaista verkko-opetusta kev\u00e4\u00e4st\u00e4 2012 alkaen.<\/p>\n","protected":false},"author":1,"featured_media":0,"parent":0,"menu_order":0,"comment_status":"closed","ping_status":"closed","template":"","meta":{"footnotes":""},"class_list":["post-27","page","type-page","status-publish","hentry"],"_links":{"self":[{"href":"https:\/\/www.tiedonrakentajat.fi\/kc\/wp-json\/wp\/v2\/pages\/27","targetHints":{"allow":["GET"]}}],"collection":[{"href":"https:\/\/www.tiedonrakentajat.fi\/kc\/wp-json\/wp\/v2\/pages"}],"about":[{"href":"https:\/\/www.tiedonrakentajat.fi\/kc\/wp-json\/wp\/v2\/types\/page"}],"author":[{"embeddable":true,"href":"https:\/\/www.tiedonrakentajat.fi\/kc\/wp-json\/wp\/v2\/users\/1"}],"replies":[{"embeddable":true,"href":"https:\/\/www.tiedonrakentajat.fi\/kc\/wp-json\/wp\/v2\/comments?post=27"}],"version-history":[{"count":1,"href":"https:\/\/www.tiedonrakentajat.fi\/kc\/wp-json\/wp\/v2\/pages\/27\/revisions"}],"predecessor-version":[{"id":29,"href":"https:\/\/www.tiedonrakentajat.fi\/kc\/wp-json\/wp\/v2\/pages\/27\/revisions\/29"}],"wp:attachment":[{"href":"https:\/\/www.tiedonrakentajat.fi\/kc\/wp-json\/wp\/v2\/media?parent=27"}],"curies":[{"name":"wp","href":"https:\/\/api.w.org\/{rel}","templated":true}]}}