{"id":11,"date":"2019-08-19T23:14:13","date_gmt":"2019-08-19T23:14:13","guid":{"rendered":"http:\/\/www.tiedonrakentajat.fi\/kc\/?page_id=11"},"modified":"2019-09-04T11:42:47","modified_gmt":"2019-09-04T11:42:47","slug":"kenelle-jarjestelma-on-suunnattu","status":"publish","type":"page","link":"https:\/\/www.tiedonrakentajat.fi\/kc\/kenelle-jarjestelma-on-suunnattu\/","title":{"rendered":"Kenelle j\u00e4rjestelm\u00e4 on suunnattu?"},"content":{"rendered":"<p>Tiedonrakentajat -j\u00e4rjestelm\u00e4 mahdollistaa kaikenlaisen opiskelun ajasta ja paikasta riippumatta. J\u00e4rjestelm\u00e4 on sit\u00e4 tehokkaampi, mit\u00e4 laajempi valikoima erilaisia oppisis\u00e4lt\u00f6j\u00e4 on tarjolla. Tavoitteena onkin saada mahdollisimman moni oppilaitos l\u00e4htem\u00e4\u00e4n mukaan j\u00e4rjestelm\u00e4n k\u00e4ytt\u00f6\u00f6n.<\/p>\n<h3><strong><img loading=\"lazy\" decoding=\"async\" class=\"wp-image-12 size-full alignright\" src=\"https:\/\/www.tiedonrakentajat.fi\/kc\/wp-content\/uploads\/2019\/08\/kohderyhmat.jpg\" alt=\"\" width=\"400\" height=\"288\" srcset=\"https:\/\/www.tiedonrakentajat.fi\/kc\/wp-content\/uploads\/2019\/08\/kohderyhmat.jpg 400w, https:\/\/www.tiedonrakentajat.fi\/kc\/wp-content\/uploads\/2019\/08\/kohderyhmat-300x216.jpg 300w\" sizes=\"auto, (max-width: 400px) 100vw, 400px\" \/>Kotioppijoille<\/strong><\/h3>\n<p>Ensimm\u00e4inen kohderyhm\u00e4 ovat kotona peruskoulua suorittavat oppilaat, jotka syyst\u00e4 tai toisesta ovat p\u00e4\u00e4tt\u00e4neet valita oppimisymp\u00e4rist\u00f6kseen kodin. Kotioppijoille j\u00e4rjestelm\u00e4 tarjoaa monipuolisia teht\u00e4vi\u00e4 ja kysymyksi\u00e4, joiden avulla oppilas voi omaan tahtiinsa k\u00e4yd\u00e4 l\u00e4pi koko peruskoulun oppim\u00e4\u00e4r\u00e4n.<\/p>\n<p>J\u00e4rjestelm\u00e4 helpottaa my\u00f6s kotioppilaiden keskin\u00e4ist\u00e4 verkostoitumista ja ohjaa kotioppijoita yhteisty\u00f6h\u00f6n opinnoissaan.<\/p>\n<p>Kotioppijaj\u00e4rjestelm\u00e4\u00e4n p\u00e4\u00e4set mukaan <a href=\"http:\/\/www.feeniks-koulu.fi\">Feeniks-koulun<\/a> kautta.<\/p>\n<h3><strong>Peruskouluille<\/strong><\/h3>\n<p>J\u00e4rjestelm\u00e4n avulla opettaja voi ohjata oppilaitaan itsen\u00e4iseen ty\u00f6skentelyyn, vastuun ottoon ja tiedonhakuun.<\/p>\n<p>Opettajalle j\u00e4rjestelm\u00e4 tarjoaa mahdollisuuden muuttaa omaa rooliaan enemm\u00e4n tutorimaisemmaksi, ty\u00f6skentelyn ohjaajaksi ja tukijaksi.<\/p>\n<p>Jos j\u00e4rjestelm\u00e4 otetaan k\u00e4ytt\u00f6\u00f6n koko koulun tasolla, mahdollistaa se monenlaisia uudistuksia, esimerkiksi:<\/p>\n<ul>\n<li>luokkamuotoisen opetuksen muuttamista tutorointiryhm\u00e4pohjaiseksi<\/li>\n<li>etuk\u00e4teen m\u00e4\u00e4ritellyist\u00e4 oppitunneista oppilaiden toiveisiin perustuvaan oppituokioj\u00e4rjestelm\u00e4\u00e4n siirtymisen<\/li>\n<li>tutoriryhmien muodostamisen eri luokka-asteista<\/li>\n<li>opettajien joustavamman ajank\u00e4yt\u00f6n &#8211; opettaja voi hoitaa opetusvelvollisuuttaan esimerkiksi seuraamalla ja tukemalla oppilaiden itsen\u00e4ist\u00e4 ty\u00f6skentely\u00e4, j\u00e4rjest\u00e4m\u00e4ll\u00e4 lyhyit\u00e4 opetustuokioita, kokoamalla tutoroitaviaan yhteisiin tapaamisiin, antamalla palautetta oppilaiden t\u00f6ist\u00e4 ja osallistumalla ryhm\u00e4ty\u00f6skentelyihin.<\/li>\n<li>osallisuuden lis\u00e4\u00e4misen &#8211; oppilaita voidaan ottaa enemm\u00e4n mukaan hallinnointiin, kun my\u00f6s oppilailla on joustavampi aikataulu.<\/li>\n<li>Eheytt\u00e4miseen perustuvan opetussuunnitelman k\u00e4ytt\u00e4minen yhdess\u00e4 oppiainejakoisen kanssa.<\/li>\n<\/ul>\n<p>&nbsp;<\/p>\n<p>Peruskouluj\u00e4rjestelm\u00e4st\u00e4 lis\u00e4tietoja antaa <a href=\"https:\/\/www.tiedonrakentajat.fi\/kc\/yhteystiedot\/\">Marko Koskinen<\/a>.<\/p>\n<h3><strong><img loading=\"lazy\" decoding=\"async\" class=\" wp-image-13 alignright\" src=\"https:\/\/www.tiedonrakentajat.fi\/kc\/wp-content\/uploads\/2019\/08\/kohderyhmat_v2.jpg\" alt=\"\" width=\"164\" height=\"248\" srcset=\"https:\/\/www.tiedonrakentajat.fi\/kc\/wp-content\/uploads\/2019\/08\/kohderyhmat_v2.jpg 265w, https:\/\/www.tiedonrakentajat.fi\/kc\/wp-content\/uploads\/2019\/08\/kohderyhmat_v2-199x300.jpg 199w\" sizes=\"auto, (max-width: 164px) 100vw, 164px\" \/>Lukioille<\/strong><\/h3>\n<p>Lukioj\u00e4rjestelm\u00e4 on tarkoitus saada valmiiksi mahdollisimman pian. Lukiot voivat ottaa k\u00e4ytt\u00f6\u00f6ns\u00e4 yksitt\u00e4isi\u00e4 kursseja tai laajempia kokonaisuuksia.<\/p>\n<p>Lukiot voivat tehd\u00e4 my\u00f6s omia syvent\u00e4vi\u00e4 tai soveltavia kursseja. Uusien kurssien tuottaminen on nopeaa ja vaivatonta, koska j\u00e4rjestelm\u00e4\u00e4n ei tarvitse tehd\u00e4 oppimateriaaleja. Muutaman kymmenen kysymyksen ja teht\u00e4v\u00e4n opintorunko riitt\u00e4\u00e4.<\/p>\n<h3><strong>Kansanopistot<\/strong><\/h3>\n<p>Kansanopistot voivat j\u00e4rjest\u00e4\u00e4 kurssejaan verkon v\u00e4lityksell\u00e4 k\u00e4ytt\u00e4en joko avointa j\u00e4rjestelm\u00e4\u00e4 tai hankkimalla oman sis\u00e4isen j\u00e4rjestelm\u00e4n.<\/p>\n<h3><strong>Ammatilliset oppilaitokset<\/strong><\/h3>\n<p>Ammatillisten oppilaitosten kanssa pyrit\u00e4\u00e4n tekem\u00e4\u00e4n yhteisty\u00f6sopimuksia mahdollisuuksien ja kiinnostuksen mukaan. J\u00e4rjestelm\u00e4 mahdollistaisi ammatillisille oppilaitoksille monipuolisemman kurssitarjonnan, kun kurssit voi suorittaa ilman l\u00e4hiopetusta.<\/p>\n<h3><strong>Yliopistot<\/strong><\/h3>\n<p>Yliopistot voivat tuottaa j\u00e4rjestelm\u00e4n avulla monipuolista kurssitarjontaa. Kurssien tuottaminen on nopeaa ja edullista, koska kursseihin ei tarvitse sis\u00e4llytt\u00e4\u00e4 oppisis\u00e4lt\u00f6j\u00e4, ja koska opiskelu perustuu pitk\u00e4lti vertaisoppimiseen.<\/p>\n<h3><strong>Kaikille avoin j\u00e4rjestelm\u00e4<\/strong><\/h3>\n<p>Tulevaisuudessa tullaan julkaisemaan sosiaaliseen mediaan pohjautuva, kaikille avoin ja ilmainen, mainosrahoitteinen opintoj\u00e4rjestelm\u00e4, johon kaikki voivat vapaasti lis\u00e4t\u00e4 omia opintokokonaisuuksiaan. J\u00e4rjestelm\u00e4 on avoin my\u00f6s kaikille oppilaitoksille.<\/p>\n","protected":false},"excerpt":{"rendered":"<p>Tiedonrakentajat -j\u00e4rjestelm\u00e4 mahdollistaa kaikenlaisen opiskelun ajasta ja paikasta riippumatta. J\u00e4rjestelm\u00e4 on sit\u00e4 tehokkaampi, mit\u00e4 laajempi valikoima erilaisia oppisis\u00e4lt\u00f6j\u00e4 on tarjolla. Tavoitteena onkin saada mahdollisimman moni oppilaitos l\u00e4htem\u00e4\u00e4n mukaan j\u00e4rjestelm\u00e4n k\u00e4ytt\u00f6\u00f6n. Kotioppijoille Ensimm\u00e4inen kohderyhm\u00e4 ovat kotona peruskoulua suorittavat oppilaat, jotka syyst\u00e4 tai toisesta ovat p\u00e4\u00e4tt\u00e4neet valita oppimisymp\u00e4rist\u00f6kseen kodin. Kotioppijoille j\u00e4rjestelm\u00e4 tarjoaa monipuolisia teht\u00e4vi\u00e4 ja kysymyksi\u00e4, joiden [&hellip;]<\/p>\n","protected":false},"author":1,"featured_media":0,"parent":0,"menu_order":0,"comment_status":"closed","ping_status":"closed","template":"","meta":{"footnotes":""},"class_list":["post-11","page","type-page","status-publish","hentry"],"_links":{"self":[{"href":"https:\/\/www.tiedonrakentajat.fi\/kc\/wp-json\/wp\/v2\/pages\/11","targetHints":{"allow":["GET"]}}],"collection":[{"href":"https:\/\/www.tiedonrakentajat.fi\/kc\/wp-json\/wp\/v2\/pages"}],"about":[{"href":"https:\/\/www.tiedonrakentajat.fi\/kc\/wp-json\/wp\/v2\/types\/page"}],"author":[{"embeddable":true,"href":"https:\/\/www.tiedonrakentajat.fi\/kc\/wp-json\/wp\/v2\/users\/1"}],"replies":[{"embeddable":true,"href":"https:\/\/www.tiedonrakentajat.fi\/kc\/wp-json\/wp\/v2\/comments?post=11"}],"version-history":[{"count":5,"href":"https:\/\/www.tiedonrakentajat.fi\/kc\/wp-json\/wp\/v2\/pages\/11\/revisions"}],"predecessor-version":[{"id":304,"href":"https:\/\/www.tiedonrakentajat.fi\/kc\/wp-json\/wp\/v2\/pages\/11\/revisions\/304"}],"wp:attachment":[{"href":"https:\/\/www.tiedonrakentajat.fi\/kc\/wp-json\/wp\/v2\/media?parent=11"}],"curies":[{"name":"wp","href":"https:\/\/api.w.org\/{rel}","templated":true}]}}